{"id":161,"date":"2020-04-21T10:47:38","date_gmt":"2020-04-21T08:47:38","guid":{"rendered":"https:\/\/migdalianicetta.com\/?page_id=161"},"modified":"2025-06-03T11:58:45","modified_gmt":"2025-06-03T09:58:45","slug":"home","status":"publish","type":"page","link":"https:\/\/migdalianicetta.com\/","title":{"rendered":"Home"},"content":{"rendered":"<h2>Ser aut\u00e9ntica es el mejor estilo.<\/h2>\n<p>Consigue tu imagen so\u00f1ada elevando tu autoestima, ganando confianza en ti misma y revelando tu autenticidad.<\/p>\n<p>\t\t\t\t\t<a href=\"https:\/\/migdalianicetta.com\/para-que-una-asesora-de-imagen\/\"><br \/>\n\t\t\t\t\t\t\t\t\tQuiero saber m\u00e1s<br \/>\n\t\t\t\t\t<\/a><\/p>\n<h3>aLGUNOS DE MIS SERVICIOS<\/h3>\n<h2>\u00a1Que Top!<\/h2>\n<p>Toma el control de tu imagen. Te ense\u00f1ar\u00e9 las mejores t\u00e9cnicas y consejos para brillar, destacando tu personalidad y \u201ctus activos\u201d.<\/p>\n<p>\t\t\t\t\t<a href=\"https:\/\/migdalianicetta.com\/producto\/que-top\/\"><br \/>\n\t\t\t\t\t\t\t\t\tM\u00e1s info<br \/>\n\t\t\t\t\t<\/a><\/p>\n<h2>\u00a1Producida! <\/h2>\n<p>Despu\u00e9s de esta sesi\u00f3n,\u00a0 tendr\u00e1s una mirada libre de cualquier complejo y juicio. Aprender\u00e1s a destacarte y a encontrar el estilo de vestir que m\u00e1s te convenga.<\/p>\n<p>\t\t\t\t\t<a href=\"https:\/\/migdalianicetta.com\/producto\/producida\/\"><br \/>\n\t\t\t\t\t\t\t\t\tM\u00e1s info<br \/>\n\t\t\t\t\t<\/a><\/p>\n<h2>\u00a1Fabulosa!<\/h2>\n<p>Este programa es el m\u00e1s completo, tiene como objetivo definir tu imagen y tu estilo de la A a la Z; teniendo todas las claves para sentirte y ser, como siempre digo \u00ab\u00a1FA-BU-LO-SA!\u00bb<\/p>\n<p>\t\t\t\t\t<a href=\"https:\/\/migdalianicetta.com\/producto\/fa-bu-lo-sa\/%20\u200e\"><br \/>\n\t\t\t\t\t\t\t\t\tM\u00e1s info<br \/>\n\t\t\t\t\t<\/a><\/p>\n","protected":false},"excerpt":{"rendered":"<p>Ser aut\u00e9ntica es el mejor estilo. Consigue tu imagen so\u00f1ada elevando tu autoestima, ganando confianza en ti misma y revelando tu autenticidad. Quiero saber m\u00e1s aLGUNOS DE MIS SERVICIOS \u00a1Que &hellip; <\/p>\n","protected":false},"author":1,"featured_media":237,"parent":0,"menu_order":0,"comment_status":"closed","ping_status":"closed","template":"elementor_header_footer","meta":{"footnotes":""},"class_list":["post-161","page","type-page","status-publish","has-post-thumbnail","hentry"],"jetpack-related-posts":[{"id":361,"url":"https:\/\/migdalianicetta.com\/?page_id=361","url_meta":{"origin":161,"position":0},"title":"\u00bfPara qu\u00e9 una Asesora de Imagen?","author":"Migdalia Nicetta","date":"24 abril 2020","format":false,"excerpt":"Si las personas te perciben de una forma distinta a tu verdadera personalidad, es probable que necesites un cambio en tu imagen, para lograr coherencia entre qui\u00e9n eres y qui\u00e9n pareces ser. El proyectar algo diferente a lo que somos, puede llegar a ser perjudicial para nuestra vida personal, laboral\u2026","rel":"","context":"Entrada similar","block_context":{"text":"Entrada similar","link":""},"img":{"alt_text":"","src":"","width":0,"height":0},"classes":[]},{"id":363,"url":"https:\/\/migdalianicetta.com\/?page_id=363","url_meta":{"origin":161,"position":1},"title":"\u00bfQu\u00e9 es una Personal Shopper?","author":"Migdalia Nicetta","date":"24 abril 2020","format":false,"excerpt":"La definici\u00f3n literal de Personal Shopper es \"comprador personal\". En principio un Personal Shopper es una persona que ayuda a sus clientes a elegir y comprar objetos de cualquier tipo (decoraci\u00f3n, regalos, etc.) pero generalmente compra ropa, zapatos y complementos de moda para sus clientes. Como Personal Shopper te puedo\u2026","rel":"","context":"Entrada similar","block_context":{"text":"Entrada similar","link":""},"img":{"alt_text":"","src":"","width":0,"height":0},"classes":[]},{"id":3,"url":"https:\/\/migdalianicetta.com\/?page_id=3","url_meta":{"origin":161,"position":2},"title":"Politique de Confidentialit\u00e9","author":"Migdalia Nicetta","date":"5 abril 2020","format":false,"excerpt":"Ce document est \u00e0 jour des nouvelles r\u00e8gles issues du R\u00e8glement n\u00b0 2016\/679 du Parlement europ\u00e9en et du Conseil (RGPD) relatif \u00e0 la protection des donn\u00e9es \u00e0 caract\u00e8re personnel. ARTICLE 1 : PR\u00c9AMBULE Cette politique de confidentialit\u00e9 s'applique au site : migdalianicetta.com. La pr\u00e9sente politique de confidentialit\u00e9 a pour but\u2026","rel":"","context":"Entrada similar","block_context":{"text":"Entrada similar","link":""},"img":{"alt_text":"","src":"","width":0,"height":0},"classes":[]},{"id":165,"url":"https:\/\/migdalianicetta.com\/?page_id=165","url_meta":{"origin":161,"position":3},"title":"Contacto","author":"Migdalia Nicetta","date":"21 abril 2020","format":false,"excerpt":"\u00a1Me encantar\u00eda conocerte m\u00e1s! d\u00e9jame un mensaje y pronto hablaremos.","rel":"","context":"Entrada similar","block_context":{"text":"Entrada similar","link":""},"img":{"alt_text":"","src":"","width":0,"height":0},"classes":[]},{"id":308,"url":"https:\/\/migdalianicetta.com\/?page_id=308","url_meta":{"origin":161,"position":4},"title":"Mentions L\u00e9gales","author":"Migdalia Nicetta","date":"23 abril 2020","format":false,"excerpt":"Conform\u00e9ment aux dispositions des Articles 6-III et 19 de la Loi n\u00b02004-575 du 21 juin 2004 pour la Confiance dans l'\u00e9conomie num\u00e9rique, dite L.C.E.N., il est port\u00e9 \u00e0 la connaissance des utilisateurs et visiteurs du site MIGDALIA NICETTA les pr\u00e9sentes mentions l\u00e9gales. Le site MIGDALIA NICETTA est accessible \u00e0 l'adresse\u2026","rel":"","context":"Entrada similar","block_context":{"text":"Entrada similar","link":""},"img":{"alt_text":"","src":"","width":0,"height":0},"classes":[]}],"jetpack_sharing_enabled":true,"_links":{"self":[{"href":"https:\/\/migdalianicetta.com\/index.php?rest_route=\/wp\/v2\/pages\/161","targetHints":{"allow":["GET"]}}],"collection":[{"href":"https:\/\/migdalianicetta.com\/index.php?rest_route=\/wp\/v2\/pages"}],"about":[{"href":"https:\/\/migdalianicetta.com\/index.php?rest_route=\/wp\/v2\/types\/page"}],"author":[{"embeddable":true,"href":"https:\/\/migdalianicetta.com\/index.php?rest_route=\/wp\/v2\/users\/1"}],"replies":[{"embeddable":true,"href":"https:\/\/migdalianicetta.com\/index.php?rest_route=%2Fwp%2Fv2%2Fcomments&post=161"}],"version-history":[{"count":52,"href":"https:\/\/migdalianicetta.com\/index.php?rest_route=\/wp\/v2\/pages\/161\/revisions"}],"predecessor-version":[{"id":443,"href":"https:\/\/migdalianicetta.com\/index.php?rest_route=\/wp\/v2\/pages\/161\/revisions\/443"}],"wp:featuredmedia":[{"embeddable":true,"href":"https:\/\/migdalianicetta.com\/index.php?rest_route=\/wp\/v2\/media\/237"}],"wp:attachment":[{"href":"https:\/\/migdalianicetta.com\/index.php?rest_route=%2Fwp%2Fv2%2Fmedia&parent=161"}],"curies":[{"name":"wp","href":"https:\/\/api.w.org\/{rel}","templated":true}]}}